{"id":8,"date":"2025-07-03T14:27:07","date_gmt":"2025-07-03T18:27:07","guid":{"rendered":"https:\/\/96.30.194.55\/?page_id=8"},"modified":"2025-07-04T14:33:12","modified_gmt":"2025-07-04T18:33:12","slug":"contact-nous","status":"publish","type":"page","link":"https:\/\/geoimagesolutions.com\/?page_id=8","title":{"rendered":"Contactez-Nous"},"content":{"rendered":"\n<p>N\u2019h\u00e9sitez pas \u00e0 nous laisser un message.<\/p>\n\n\n\n<div class=\"gb-element-6d4d6934\">\n<div><div class=\"wpforms-container wpforms-container-full wpforms-block wpforms-block-68e4b1d7-9d45-4679-a62b-6bdc4a454be1 wpforms-render-modern\" id=\"wpforms-169\"><form id=\"wpforms-form-169\" class=\"wpforms-validate wpforms-form wpforms-ajax-form\" data-formid=\"169\" method=\"post\" enctype=\"multipart\/form-data\" action=\"\/index.php?rest_route=%2Fwp%2Fv2%2Fpages%2F8\" data-token=\"6a53853f86565d6a75ff8f600ec6594a\" data-token-time=\"1777897847\"><noscript class=\"wpforms-error-noscript\">Please enable JavaScript in your browser to complete this form.<\/noscript><div id=\"wpforms-error-noscript\" style=\"display: none;\">Please enable JavaScript in your browser to complete this form.<\/div><div class=\"wpforms-field-container\"><div id=\"wpforms-169-field_1-container\" class=\"wpforms-field wpforms-field-name\" data-field-id=\"1\"><label class=\"wpforms-field-label\" for=\"wpforms-169-field_1\">Nom <span class=\"wpforms-required-label\" aria-hidden=\"true\">*<\/span><\/label><input type=\"text\" id=\"wpforms-169-field_1\" class=\"wpforms-field-medium wpforms-field-required\" name=\"wpforms[fields][1]\" aria-errormessage=\"wpforms-169-field_1-error\" required><\/div><div id=\"wpforms-169-field_2-container\" class=\"wpforms-field wpforms-field-email\" data-field-id=\"2\"><label class=\"wpforms-field-label\" for=\"wpforms-169-field_2\">Courriel <span class=\"wpforms-required-label\" aria-hidden=\"true\">*<\/span><\/label><input type=\"email\" id=\"wpforms-169-field_2\" class=\"wpforms-field-medium wpforms-field-required\" name=\"wpforms[fields][2]\" spellcheck=\"false\" aria-errormessage=\"wpforms-169-field_2-error\" required><\/div>\t\t<div id=\"wpforms-169-field_4-container\"\n\t\t\tclass=\"wpforms-field wpforms-field-text\"\n\t\t\tdata-field-type=\"text\"\n\t\t\tdata-field-id=\"4\"\n\t\t\t>\n\t\t\t<label class=\"wpforms-field-label\" for=\"wpforms-169-field_4\" >Nom Message ou<\/label>\n\t\t\t<input type=\"text\" id=\"wpforms-169-field_4\" class=\"wpforms-field-medium\" name=\"wpforms[fields][4]\" >\n\t\t<\/div>\n\t\t<div id=\"wpforms-169-field_3-container\" class=\"wpforms-field wpforms-field-textarea\" data-field-id=\"3\"><label class=\"wpforms-field-label\" for=\"wpforms-169-field_3\">Commentaire ou Message<\/label><textarea id=\"wpforms-169-field_3\" class=\"wpforms-field-medium\" name=\"wpforms[fields][3]\" aria-errormessage=\"wpforms-169-field_3-error\" ><\/textarea><\/div><script>\n\t\t\t\t( function() {\n\t\t\t\t\tconst style = document.createElement( 'style' );\n\t\t\t\t\tstyle.appendChild( document.createTextNode( '#wpforms-169-field_4-container { position: absolute !important; overflow: hidden !important; display: inline !important; height: 1px !important; width: 1px !important; z-index: -1000 !important; padding: 0 !important; } #wpforms-169-field_4-container input { visibility: hidden; } #wpforms-conversational-form-page #wpforms-169-field_4-container label { counter-increment: none; }' ) );\n\t\t\t\t\tdocument.head.appendChild( style );\n\t\t\t\t\tdocument.currentScript?.remove();\n\t\t\t\t} )();\n\t\t\t<\/script><\/div><!-- .wpforms-field-container --><div class=\"wpforms-recaptcha-container wpforms-is-recaptcha wpforms-is-recaptcha-type-v2\" ><div class=\"g-recaptcha\" data-sitekey=\"6LerP4YUAAAAAELVyvYSvYxqZzULmjdmwYXtSGWb\"><\/div><input type=\"text\" name=\"g-recaptcha-hidden\" class=\"wpforms-recaptcha-hidden\" style=\"position:absolute!important;clip:rect(0,0,0,0)!important;height:1px!important;width:1px!important;border:0!important;overflow:hidden!important;padding:0!important;margin:0!important;\" data-rule-recaptcha=\"1\"><\/div><div class=\"wpforms-submit-container\" ><input type=\"hidden\" name=\"wpforms[id]\" value=\"169\"><input type=\"hidden\" name=\"page_title\" value=\"\"><input type=\"hidden\" name=\"page_url\" value=\"https:\/\/geoimagesolutions.com\/index.php?rest_route=\/wp\/v2\/pages\/8\"><input type=\"hidden\" name=\"url_referer\" value=\"\"><button type=\"submit\" name=\"wpforms[submit]\" id=\"wpforms-submit-169\" class=\"wpforms-submit\" data-alt-text=\"Envoi...\" data-submit-text=\"Soumettre\" aria-live=\"assertive\" value=\"wpforms-submit\">Soumettre<\/button><img loading=\"lazy\" decoding=\"async\" src=\"https:\/\/geoimagesolutions.com\/wp-content\/plugins\/wpforms-lite\/assets\/images\/submit-spin.svg\" class=\"wpforms-submit-spinner\" style=\"display: none;\" width=\"26\" height=\"26\" alt=\"Loading\"><\/div><\/form><\/div>  <!-- .wpforms-container --><\/div>\n\n\n\n<div>\n<figure class=\"wp-block-image size-full is-resized\"><img loading=\"lazy\" decoding=\"async\" width=\"512\" height=\"513\" src=\"https:\/\/96.30.194.55\/wp-content\/uploads\/2025\/07\/logo-gis-2025-icon-512.png\" alt=\"\" class=\"wp-image-48\" style=\"width:139px;height:auto\" srcset=\"https:\/\/geoimagesolutions.com\/wp-content\/uploads\/2025\/07\/logo-gis-2025-icon-512.png 512w, https:\/\/geoimagesolutions.com\/wp-content\/uploads\/2025\/07\/logo-gis-2025-icon-512-300x300.png 300w, https:\/\/geoimagesolutions.com\/wp-content\/uploads\/2025\/07\/logo-gis-2025-icon-512-150x150.png 150w\" sizes=\"auto, (max-width: 512px) 100vw, 512px\" \/><\/figure>\n\n\n\n<p><strong>Geoimage Solutions Inc.<\/strong><\/p>\n\n\n\n<p><br>2686 rue Breton, Sherbrooke, Qu\u00e9bec, J1N2X5, Canada<\/p>\n\n\n\n<p>T\u00e9l: +1 819 340 1394 \/ Fax: +1 819 340 1397<\/p>\n<\/div>\n<\/div>\n","protected":false},"excerpt":{"rendered":"<p>N\u2019h\u00e9sitez pas \u00e0 nous laisser un message. Geoimage Solutions Inc. 2686 rue Breton, Sherbrooke, Qu\u00e9bec, J1N2X5, Canada T\u00e9l: +1 819 340 1394 \/ Fax: +1 819 340 1397<\/p>\n","protected":false},"author":1,"featured_media":111,"parent":0,"menu_order":0,"comment_status":"closed","ping_status":"closed","template":"","meta":{"footnotes":""},"class_list":["post-8","page","type-page","status-publish","has-post-thumbnail"],"_links":{"self":[{"href":"https:\/\/geoimagesolutions.com\/index.php?rest_route=\/wp\/v2\/pages\/8","targetHints":{"allow":["GET"]}}],"collection":[{"href":"https:\/\/geoimagesolutions.com\/index.php?rest_route=\/wp\/v2\/pages"}],"about":[{"href":"https:\/\/geoimagesolutions.com\/index.php?rest_route=\/wp\/v2\/types\/page"}],"author":[{"embeddable":true,"href":"https:\/\/geoimagesolutions.com\/index.php?rest_route=\/wp\/v2\/users\/1"}],"replies":[{"embeddable":true,"href":"https:\/\/geoimagesolutions.com\/index.php?rest_route=%2Fwp%2Fv2%2Fcomments&post=8"}],"version-history":[{"count":11,"href":"https:\/\/geoimagesolutions.com\/index.php?rest_route=\/wp\/v2\/pages\/8\/revisions"}],"predecessor-version":[{"id":238,"href":"https:\/\/geoimagesolutions.com\/index.php?rest_route=\/wp\/v2\/pages\/8\/revisions\/238"}],"wp:featuredmedia":[{"embeddable":true,"href":"https:\/\/geoimagesolutions.com\/index.php?rest_route=\/wp\/v2\/media\/111"}],"wp:attachment":[{"href":"https:\/\/geoimagesolutions.com\/index.php?rest_route=%2Fwp%2Fv2%2Fmedia&parent=8"}],"curies":[{"name":"wp","href":"https:\/\/api.w.org\/{rel}","templated":true}]}}