{"id":41,"date":"2025-07-03T15:01:16","date_gmt":"2025-07-03T19:01:16","guid":{"rendered":"https:\/\/96.30.194.55\/?page_id=41"},"modified":"2025-07-04T14:32:55","modified_gmt":"2025-07-04T18:32:55","slug":"home-fr","status":"publish","type":"page","link":"https:\/\/geoimagesolutions.com\/","title":{"rendered":"Accueil"},"content":{"rendered":"\n<div class=\"wp-block-media-text has-media-on-the-right is-stacked-on-mobile\" style=\"grid-template-columns:auto 23%\"><div class=\"wp-block-media-text__content\">\n<h2 class=\"wp-block-heading\"><strong>Transformez vos donn\u00e9es spatiales en d\u00e9cisions intelligentes<\/strong><\/h2>\n\n\n\n<p>Des <strong>solutions <\/strong>g\u00e9omatiques <strong>simples, efficaces et con\u00e7ues pour durer<\/strong>, appuy\u00e9es par des technologies avanc\u00e9es et une approche centr\u00e9e sur l\u2019utilisateur.<\/p>\n\n\n\n<p>Notre mission : <em>aider les organisations \u00e0 tirer le meilleur parti de leurs donn\u00e9es g\u00e9ospatiales gr\u00e2ce \u00e0 des outils sur mesure, modernes et faciles \u00e0 prendre en main<\/em>.<\/p>\n<\/div><figure class=\"wp-block-media-text__media\"><img loading=\"lazy\" decoding=\"async\" width=\"300\" height=\"300\" src=\"https:\/\/96.30.194.55\/wp-content\/uploads\/2025\/07\/earth-finger-300x300.jpg\" alt=\"\" class=\"wp-image-139 size-medium\" srcset=\"https:\/\/geoimagesolutions.com\/wp-content\/uploads\/2025\/07\/earth-finger-300x300.jpg 300w, https:\/\/geoimagesolutions.com\/wp-content\/uploads\/2025\/07\/earth-finger-150x150.jpg 150w, https:\/\/geoimagesolutions.com\/wp-content\/uploads\/2025\/07\/earth-finger.jpg 512w\" sizes=\"auto, (max-width: 300px) 100vw, 300px\" \/><\/figure><\/div>\n\n\n\n<div class=\"wp-block-media-text is-stacked-on-mobile\" style=\"grid-template-columns:26% auto\"><figure class=\"wp-block-media-text__media\"><img loading=\"lazy\" decoding=\"async\" width=\"300\" height=\"300\" src=\"https:\/\/96.30.194.55\/wp-content\/uploads\/2025\/07\/map-indicators-300x300.jpg\" alt=\"\" class=\"wp-image-149 size-medium\" srcset=\"https:\/\/geoimagesolutions.com\/wp-content\/uploads\/2025\/07\/map-indicators-300x300.jpg 300w, https:\/\/geoimagesolutions.com\/wp-content\/uploads\/2025\/07\/map-indicators-150x150.jpg 150w, https:\/\/geoimagesolutions.com\/wp-content\/uploads\/2025\/07\/map-indicators.jpg 512w\" sizes=\"auto, (max-width: 300px) 100vw, 300px\" \/><\/figure><div class=\"wp-block-media-text__content\">\n<h2 class=\"wp-block-heading\"><strong>Int\u00e9gration, intelligence et sur-mesure<\/strong><\/h2>\n\n\n\n<p>Chez <strong>Geoimage Solutions<\/strong>, nous mettons notre expertise au service de vos projets en g\u00e9omatique. Notre \u00e9quipe d\u00e9veloppe des outils adapt\u00e9s \u00e0 vos besoins, en combinant les meilleures technologies open source et des m\u00e9thodes agiles et participatives.<\/p>\n<\/div><\/div>\n\n\n\n<div class=\"wp-block-media-text has-media-on-the-right is-stacked-on-mobile\" style=\"grid-template-columns:auto 24%\"><div class=\"wp-block-media-text__content\">\n<h2 class=\"wp-block-heading\"><strong>Ce qui nous distingue :<\/strong><\/h2>\n\n\n\n<ul class=\"wp-block-list\">\n<li><strong>Soutien complet<\/strong> : documentation claire, formation, accompagnement post-livraison.<\/li>\n\n\n\n<li><strong>Co-construction des solutions<\/strong> : nous travaillons avec vous, pas seulement pour vous.<\/li>\n\n\n\n<li><strong>Interface conviviale et moderne<\/strong> : nos outils sont pens\u00e9s pour les utilisateurs, m\u00eame non-experts.<\/li>\n<\/ul>\n<\/div><figure class=\"wp-block-media-text__media\"><img loading=\"lazy\" decoding=\"async\" width=\"300\" height=\"269\" src=\"https:\/\/96.30.194.55\/wp-content\/uploads\/2025\/07\/satellite-num2-300x269.png\" alt=\"\" class=\"wp-image-94 size-medium\" srcset=\"https:\/\/geoimagesolutions.com\/wp-content\/uploads\/2025\/07\/satellite-num2-300x269.png 300w, https:\/\/geoimagesolutions.com\/wp-content\/uploads\/2025\/07\/satellite-num2.png 518w\" sizes=\"auto, (max-width: 300px) 100vw, 300px\" \/><\/figure><\/div>\n\n\n\n<h2 class=\"wp-block-heading\">Nos services<\/h2>\n\n\n\n<div class=\"gb-element-fcff2472\">\n<div>\n<div class=\"wp-block-cover\"><img loading=\"lazy\" decoding=\"async\" width=\"1920\" height=\"533\" class=\"wp-block-cover__image-background wp-image-141 size-full\" alt=\"\" src=\"https:\/\/96.30.194.55\/wp-content\/uploads\/2025\/07\/earth-dev-projector.jpg\" style=\"object-position:13% 55%\" data-object-fit=\"cover\" data-object-position=\"13% 55%\" srcset=\"https:\/\/geoimagesolutions.com\/wp-content\/uploads\/2025\/07\/earth-dev-projector.jpg 1920w, https:\/\/geoimagesolutions.com\/wp-content\/uploads\/2025\/07\/earth-dev-projector-300x83.jpg 300w, https:\/\/geoimagesolutions.com\/wp-content\/uploads\/2025\/07\/earth-dev-projector-1024x284.jpg 1024w, https:\/\/geoimagesolutions.com\/wp-content\/uploads\/2025\/07\/earth-dev-projector-768x213.jpg 768w, https:\/\/geoimagesolutions.com\/wp-content\/uploads\/2025\/07\/earth-dev-projector-1536x426.jpg 1536w\" sizes=\"auto, (max-width: 1920px) 100vw, 1920px\" \/><span aria-hidden=\"true\" class=\"wp-block-cover__background has-background-dim\" style=\"background-color:#52565a\"><\/span><div class=\"wp-block-cover__inner-container is-layout-flow wp-block-cover-is-layout-flow\">\n<p class=\"has-text-align-center has-large-font-size\">D\u00e9veloppement sur mesure<\/p>\n\n\n\n<p>Nous concevons des plateformes et applications adapt\u00e9es \u00e0 vos processus, int\u00e9grant des outils comme <strong>GeoNode<\/strong>, <strong>OpenDataCube<\/strong> ou encore des scripts d\u2019analyse g\u00e9ospatiale automatis\u00e9e.<\/p>\n<\/div><\/div>\n<\/div>\n\n\n\n<div>\n<div class=\"wp-block-cover\"><img loading=\"lazy\" decoding=\"async\" width=\"1024\" height=\"284\" class=\"wp-block-cover__image-background wp-image-143 size-large\" alt=\"\" src=\"https:\/\/96.30.194.55\/wp-content\/uploads\/2025\/07\/earth-chemical-1024x284.jpg\" style=\"object-position:79% 51%\" data-object-fit=\"cover\" data-object-position=\"79% 51%\" srcset=\"https:\/\/geoimagesolutions.com\/wp-content\/uploads\/2025\/07\/earth-chemical-1024x284.jpg 1024w, https:\/\/geoimagesolutions.com\/wp-content\/uploads\/2025\/07\/earth-chemical-300x83.jpg 300w, https:\/\/geoimagesolutions.com\/wp-content\/uploads\/2025\/07\/earth-chemical-768x213.jpg 768w, https:\/\/geoimagesolutions.com\/wp-content\/uploads\/2025\/07\/earth-chemical-1536x426.jpg 1536w, https:\/\/geoimagesolutions.com\/wp-content\/uploads\/2025\/07\/earth-chemical.jpg 1920w\" sizes=\"auto, (max-width: 1024px) 100vw, 1024px\" \/><span aria-hidden=\"true\" class=\"wp-block-cover__background has-background-dim\" style=\"background-color:#54534d\"><\/span><div class=\"wp-block-cover__inner-container is-layout-flow wp-block-cover-is-layout-flow\">\n<p class=\"has-text-align-center has-large-font-size\">Solutions intelligentes<\/p>\n\n\n\n<p>Nous d\u00e9veloppons des modules d\u2019<strong>analyse avanc\u00e9e<\/strong> (<strong>d\u00e9tection automatique, IA spatiale, indicateurs dynamiques, inf\u00e9rence spatiale<\/strong>), tout en gardant une interface simple et intuitive.<\/p>\n<\/div><\/div>\n<\/div>\n\n\n\n<div>\n<div class=\"wp-block-cover\"><img loading=\"lazy\" decoding=\"async\" width=\"1024\" height=\"284\" class=\"wp-block-cover__image-background wp-image-144 size-large\" alt=\"\" src=\"https:\/\/96.30.194.55\/wp-content\/uploads\/2025\/07\/computer-map-1024x284.jpg\" style=\"object-position:70% 35%\" data-object-fit=\"cover\" data-object-position=\"70% 35%\" srcset=\"https:\/\/geoimagesolutions.com\/wp-content\/uploads\/2025\/07\/computer-map-1024x284.jpg 1024w, https:\/\/geoimagesolutions.com\/wp-content\/uploads\/2025\/07\/computer-map-300x83.jpg 300w, https:\/\/geoimagesolutions.com\/wp-content\/uploads\/2025\/07\/computer-map-768x213.jpg 768w, https:\/\/geoimagesolutions.com\/wp-content\/uploads\/2025\/07\/computer-map-1536x426.jpg 1536w, https:\/\/geoimagesolutions.com\/wp-content\/uploads\/2025\/07\/computer-map.jpg 1920w\" sizes=\"auto, (max-width: 1024px) 100vw, 1024px\" \/><span aria-hidden=\"true\" class=\"wp-block-cover__background has-background-dim\" style=\"background-color:#454b52\"><\/span><div class=\"wp-block-cover__inner-container is-layout-flow wp-block-cover-is-layout-flow\">\n<p class=\"has-text-align-center has-large-font-size\">Applications web et mobiles<\/p>\n\n\n\n<p>Nous r\u00e9alisons des <strong>applications pr\u00eates pour le terrain<\/strong>, adapt\u00e9es aux contextes r\u00e9els : <strong>saisie mobile, consultation hors ligne, synchronisation s\u00e9curis\u00e9e<\/strong>.<\/p>\n<\/div><\/div>\n<\/div>\n<\/div>\n\n\n\n<p><\/p>\n\n\n\n<h2 class=\"wp-block-heading\">Pourquoi faire appel \u00e0 nous ?<\/h2>\n\n\n\n<p>Vous avez des donn\u00e9es spatiales (et m\u00eame non spatiales) \u2026 mais vous cherchez comment les valoriser ? Voici quelques situations o\u00f9 nous pouvons faire la diff\u00e9rence :<\/p>\n\n\n\n<ul class=\"wp-block-list\">\n<li><span class=\"wp-rich-text-font-awesome-icon wp-font-awesome-icon\"><svg aria-hidden=\"true\" focusable=\"false\" data-prefix=\"fas\" data-icon=\"network-wired\" class=\"svg-inline--fa fa-network-wired \" role=\"img\" xmlns=\"http:\/\/www.w3.org\/2000\/svg\" viewBox=\"0 0 640 512\"><path fill=\"currentColor\" d=\"M256 64l128 0 0 64-128 0 0-64zM240 0c-26.5 0-48 21.5-48 48l0 96c0 26.5 21.5 48 48 48l48 0 0 32L32 224c-17.7 0-32 14.3-32 32s14.3 32 32 32l96 0 0 32-48 0c-26.5 0-48 21.5-48 48l0 96c0 26.5 21.5 48 48 48l160 0c26.5 0 48-21.5 48-48l0-96c0-26.5-21.5-48-48-48l-48 0 0-32 256 0 0 32-48 0c-26.5 0-48 21.5-48 48l0 96c0 26.5 21.5 48 48 48l160 0c26.5 0 48-21.5 48-48l0-96c0-26.5-21.5-48-48-48l-48 0 0-32 96 0c17.7 0 32-14.3 32-32s-14.3-32-32-32l-256 0 0-32 48 0c26.5 0 48-21.5 48-48l0-96c0-26.5-21.5-48-48-48L240 0zM96 448l0-64 128 0 0 64L96 448zm320-64l128 0 0 64-128 0 0-64z\"><\/path><\/svg><\/span> <strong>Vous avez beaucoup de donn\u00e9es, mais peu d\u2019outils pour les exploiter.<\/strong><br>Nous d\u00e9veloppons des plateformes cartographiques simples et efficaces pour visualiser, interroger et analyser vos donn\u00e9es.<\/li>\n<\/ul>\n\n\n\n<p><\/p>\n\n\n\n<ul class=\"wp-block-list\">\n<li><span class=\"wp-rich-text-font-awesome-icon wp-font-awesome-icon\"><svg aria-hidden=\"true\" focusable=\"false\" data-prefix=\"fas\" data-icon=\"list\" class=\"svg-inline--fa fa-list \" role=\"img\" xmlns=\"http:\/\/www.w3.org\/2000\/svg\" viewBox=\"0 0 512 512\"><path fill=\"currentColor\" d=\"M40 48C26.7 48 16 58.7 16 72l0 48c0 13.3 10.7 24 24 24l48 0c13.3 0 24-10.7 24-24l0-48c0-13.3-10.7-24-24-24L40 48zM192 64c-17.7 0-32 14.3-32 32s14.3 32 32 32l288 0c17.7 0 32-14.3 32-32s-14.3-32-32-32L192 64zm0 160c-17.7 0-32 14.3-32 32s14.3 32 32 32l288 0c17.7 0 32-14.3 32-32s-14.3-32-32-32l-288 0zm0 160c-17.7 0-32 14.3-32 32s14.3 32 32 32l288 0c17.7 0 32-14.3 32-32s-14.3-32-32-32l-288 0zM16 232l0 48c0 13.3 10.7 24 24 24l48 0c13.3 0 24-10.7 24-24l0-48c0-13.3-10.7-24-24-24l-48 0c-13.3 0-24 10.7-24 24zM40 368c-13.3 0-24 10.7-24 24l0 48c0 13.3 10.7 24 24 24l48 0c13.3 0 24-10.7 24-24l0-48c0-13.3-10.7-24-24-24l-48 0z\"><\/path><\/svg><\/span> <strong>Vous collectez des donn\u00e9es terrain, mais elles ne sont pas centralis\u00e9es ni accessibles.<\/strong><br>Nous cr\u00e9ons des applications web et mobiles connect\u00e9es \u00e0 une base unique, avec synchronisation, acc\u00e8s s\u00e9curis\u00e9 et gestion multi-utilisateurs.<\/li>\n<\/ul>\n\n\n\n<p><\/p>\n\n\n\n<ul class=\"wp-block-list\">\n<li><span class=\"wp-rich-text-font-awesome-icon wp-font-awesome-icon\"><svg aria-hidden=\"true\" focusable=\"false\" data-prefix=\"fas\" data-icon=\"user-secret\" class=\"svg-inline--fa fa-user-secret \" role=\"img\" xmlns=\"http:\/\/www.w3.org\/2000\/svg\" viewBox=\"0 0 448 512\"><path fill=\"currentColor\" d=\"M224 16c-6.7 0-10.8-2.8-15.5-6.1C201.9 5.4 194 0 176 0c-30.5 0-52 43.7-66 89.4C62.7 98.1 32 112.2 32 128c0 14.3 25 27.1 64.6 35.9c-.4 4-.6 8-.6 12.1c0 17 3.3 33.2 9.3 48l-59.9 0C38 224 32 230 32 237.4c0 1.7 .3 3.4 1 5l38.8 96.9C28.2 371.8 0 423.8 0 482.3C0 498.7 13.3 512 29.7 512l388.6 0c16.4 0 29.7-13.3 29.7-29.7c0-58.5-28.2-110.4-71.7-143L415 242.4c.6-1.6 1-3.3 1-5c0-7.4-6-13.4-13.4-13.4l-59.9 0c6-14.8 9.3-31 9.3-48c0-4.1-.2-8.1-.6-12.1C391 155.1 416 142.3 416 128c0-15.8-30.7-29.9-78-38.6C324 43.7 302.5 0 272 0c-18 0-25.9 5.4-32.5 9.9c-4.8 3.3-8.8 6.1-15.5 6.1zm56 208l-12.4 0c-16.5 0-31.1-10.6-36.3-26.2c-2.3-7-12.2-7-14.5 0c-5.2 15.6-19.9 26.2-36.3 26.2L168 224c-22.1 0-40-17.9-40-40l0-14.4c28.2 4.1 61 6.4 96 6.4s67.8-2.3 96-6.4l0 14.4c0 22.1-17.9 40-40 40zm-88 96l16 32L176 480 128 288l64 32zm128-32L272 480 240 352l16-32 64-32z\"><\/path><\/svg><\/span> <strong>Vous souhaitez automatiser vos analyses spatiales ou int\u00e9grer de l\u2019intelligence artificielle.<\/strong><br>Nous mettons en place des cha\u00eenes de traitement, des mod\u00e8les pr\u00e9dictifs ou des r\u00e8gles g\u00e9ographiques adapt\u00e9es \u00e0 vos besoins.<\/li>\n<\/ul>\n\n\n\n<p><\/p>\n\n\n\n<ul class=\"wp-block-list\">\n<li><span class=\"wp-rich-text-font-awesome-icon wp-font-awesome-icon\"><svg aria-hidden=\"true\" focusable=\"false\" data-prefix=\"fas\" data-icon=\"meteor\" class=\"svg-inline--fa fa-meteor \" role=\"img\" xmlns=\"http:\/\/www.w3.org\/2000\/svg\" viewBox=\"0 0 512 512\"><path fill=\"currentColor\" d=\"M493.7 .9L299.4 75.6l2.3-29.3c1-12.8-12.8-21.5-24-15.1L101.3 133.4C38.6 169.7 0 236.6 0 309C0 421.1 90.9 512 203 512c72.4 0 139.4-38.6 175.7-101.3L480.8 234.3c6.5-11.1-2.2-25-15.1-24l-29.3 2.3L511.1 18.3c.6-1.5 .9-3.2 .9-4.8C512 6 506 0 498.5 0c-1.7 0-3.3 .3-4.8 .9zM192 192a128 128 0 1 1 0 256 128 128 0 1 1 0-256zm0 96a32 32 0 1 0 -64 0 32 32 0 1 0 64 0zm16 96a16 16 0 1 0 0-32 16 16 0 1 0 0 32z\"><\/path><\/svg><\/span> <strong>Vous utilisez plusieurs outils dispers\u00e9s et vous perdez du temps.<\/strong><br>Nous concevons des solutions int\u00e9gr\u00e9es, interop\u00e9rables, et bas\u00e9es sur des standards ouverts.<\/li>\n<\/ul>\n\n\n\n<p><\/p>\n\n\n\n<ul class=\"wp-block-list\">\n<li><span class=\"wp-rich-text-font-awesome-icon wp-font-awesome-icon\"><svg aria-hidden=\"true\" focusable=\"false\" data-prefix=\"fas\" data-icon=\"user\" class=\"svg-inline--fa fa-user \" role=\"img\" xmlns=\"http:\/\/www.w3.org\/2000\/svg\" viewBox=\"0 0 448 512\"><path fill=\"currentColor\" d=\"M224 256A128 128 0 1 0 224 0a128 128 0 1 0 0 256zm-45.7 48C79.8 304 0 383.8 0 482.3C0 498.7 13.3 512 29.7 512l388.6 0c16.4 0 29.7-13.3 29.7-29.7C448 383.8 368.2 304 269.7 304l-91.4 0z\"><\/path><\/svg><\/span> <strong>Vous devez partager vos cartes et r\u00e9sultats avec vos partenaires.<\/strong><br>Nous vous aidons \u00e0 mettre en place des portails web interactifs avec publication de cartes, de tableaux de bord ou d\u2019indicateurs dynamiques.<\/li>\n<\/ul>\n","protected":false},"excerpt":{"rendered":"<p>Transformez vos donn\u00e9es spatiales en d\u00e9cisions intelligentes Des solutions g\u00e9omatiques simples, efficaces et con\u00e7ues pour durer, appuy\u00e9es par des technologies avanc\u00e9es et une approche centr\u00e9e sur l\u2019utilisateur. Notre mission : aider les organisations \u00e0 tirer le meilleur parti de leurs donn\u00e9es g\u00e9ospatiales gr\u00e2ce \u00e0 des outils sur mesure, modernes et faciles \u00e0 prendre en main. &#8230; <a title=\"Accueil\" class=\"read-more\" href=\"https:\/\/geoimagesolutions.com\/\" aria-label=\"Read more about Accueil\">Continuer la lecture<\/a><\/p>\n","protected":false},"author":1,"featured_media":72,"parent":0,"menu_order":0,"comment_status":"closed","ping_status":"closed","template":"","meta":{"footnotes":""},"class_list":["post-41","page","type-page","status-publish","has-post-thumbnail"],"_links":{"self":[{"href":"https:\/\/geoimagesolutions.com\/index.php?rest_route=\/wp\/v2\/pages\/41","targetHints":{"allow":["GET"]}}],"collection":[{"href":"https:\/\/geoimagesolutions.com\/index.php?rest_route=\/wp\/v2\/pages"}],"about":[{"href":"https:\/\/geoimagesolutions.com\/index.php?rest_route=\/wp\/v2\/types\/page"}],"author":[{"embeddable":true,"href":"https:\/\/geoimagesolutions.com\/index.php?rest_route=\/wp\/v2\/users\/1"}],"replies":[{"embeddable":true,"href":"https:\/\/geoimagesolutions.com\/index.php?rest_route=%2Fwp%2Fv2%2Fcomments&post=41"}],"version-history":[{"count":37,"href":"https:\/\/geoimagesolutions.com\/index.php?rest_route=\/wp\/v2\/pages\/41\/revisions"}],"predecessor-version":[{"id":163,"href":"https:\/\/geoimagesolutions.com\/index.php?rest_route=\/wp\/v2\/pages\/41\/revisions\/163"}],"wp:featuredmedia":[{"embeddable":true,"href":"https:\/\/geoimagesolutions.com\/index.php?rest_route=\/wp\/v2\/media\/72"}],"wp:attachment":[{"href":"https:\/\/geoimagesolutions.com\/index.php?rest_route=%2Fwp%2Fv2%2Fmedia&parent=41"}],"curies":[{"name":"wp","href":"https:\/\/api.w.org\/{rel}","templated":true}]}}