{"id":290,"date":"2025-12-19T17:16:11","date_gmt":"2025-12-19T22:16:11","guid":{"rendered":"https:\/\/geoimagesolutions.com\/?page_id=290"},"modified":"2025-12-19T17:56:04","modified_gmt":"2025-12-19T22:56:04","slug":"geosmartanalyst-notre-outil-de-detection-des-fissures-routieres-grace-a-lia","status":"publish","type":"page","link":"https:\/\/geoimagesolutions.com\/?page_id=290","title":{"rendered":"GeoSmartAnalyst: Notre outil de d\u00e9tection des fissures routi\u00e8res gr\u00e2ce \u00e0 l\u2019IA"},"content":{"rendered":"\n<p>Aujourd\u2019hui, la maintenance des routes est un enjeu majeur pour les collectivit\u00e9s et les entreprises. Les inspections manuelles sont longues, co\u00fbteuses et parfois peu fiables. Pour r\u00e9pondre \u00e0 ce d\u00e9fi, notre entreprise a d\u00e9velopp\u00e9 une solution innovante qui utilise l\u2019intelligence artificielle pour analyser automatiquement les images collect\u00e9es par des v\u00e9hicules, d\u00e9tecter les fissures et fournir des donn\u00e9es exploitables via un tableau de bord interactif.<\/p>\n\n\n\n<h3 class=\"wp-block-heading\"><strong>Collecte des images<\/strong><\/h3>\n\n\n\n<div class=\"wp-block-media-text is-stacked-on-mobile\"><figure class=\"wp-block-media-text__media\"><img loading=\"lazy\" decoding=\"async\" width=\"930\" height=\"488\" src=\"https:\/\/geoimagesolutions.com\/wp-content\/uploads\/2025\/12\/dashcam.jpg\" alt=\"\" class=\"wp-image-302 size-full\" srcset=\"https:\/\/geoimagesolutions.com\/wp-content\/uploads\/2025\/12\/dashcam.jpg 930w, https:\/\/geoimagesolutions.com\/wp-content\/uploads\/2025\/12\/dashcam-300x157.jpg 300w, https:\/\/geoimagesolutions.com\/wp-content\/uploads\/2025\/12\/dashcam-768x403.jpg 768w\" sizes=\"auto, (max-width: 930px) 100vw, 930px\" \/><\/figure><div class=\"wp-block-media-text__content\">\n<p>Notre solution repose sur des v\u00e9hicules \u00e9quip\u00e9s de cam\u00e9ras parcourant les routes pour capturer des images haute r\u00e9solution, similaires \u00e0 celles utilis\u00e9es par des services comme Google Street View. Ces images constituent la donn\u00e9e indispensable pour les analyses.<\/p>\n<\/div><\/div>\n\n\n\n<h3 class=\"wp-block-heading\"><strong>Analyse des fissures avec l\u2019IA<\/strong><\/h3>\n\n\n\n<div class=\"wp-block-media-text has-media-on-the-right is-stacked-on-mobile\" style=\"grid-template-columns:auto 22%\"><div class=\"wp-block-media-text__content\">\n<p>Gr\u00e2ce \u00e0 des algorithmes de vision par ordinateur, notre syst\u00e8me identifie les fissures et autres d\u00e9fauts pr\u00e9sents sur la chauss\u00e9e. Chaque image est analys\u00e9e automatiquement pour d\u00e9tecter la pr\u00e9sence, la taille et la gravit\u00e9 des fissures, offrant ainsi une \u00e9valuation de l\u2019\u00e9tat des routes.<\/p>\n<\/div><figure class=\"wp-block-media-text__media\"><img loading=\"lazy\" decoding=\"async\" width=\"640\" height=\"640\" src=\"https:\/\/geoimagesolutions.com\/wp-content\/uploads\/2025\/12\/2cbd13e1-4b63-45f8-9667-9ee644f85815_segment_1_from_45.522476_-73.433589-1.jpg\" alt=\"\" class=\"wp-image-304 size-full\" srcset=\"https:\/\/geoimagesolutions.com\/wp-content\/uploads\/2025\/12\/2cbd13e1-4b63-45f8-9667-9ee644f85815_segment_1_from_45.522476_-73.433589-1.jpg 640w, https:\/\/geoimagesolutions.com\/wp-content\/uploads\/2025\/12\/2cbd13e1-4b63-45f8-9667-9ee644f85815_segment_1_from_45.522476_-73.433589-1-300x300.jpg 300w, https:\/\/geoimagesolutions.com\/wp-content\/uploads\/2025\/12\/2cbd13e1-4b63-45f8-9667-9ee644f85815_segment_1_from_45.522476_-73.433589-1-150x150.jpg 150w\" sizes=\"auto, (max-width: 640px) 100vw, 640px\" \/><\/figure><\/div>\n\n\n\n<h3 class=\"wp-block-heading\"><strong>Gestion des donn\u00e9es<\/strong><\/h3>\n\n\n\n<div class=\"wp-block-media-text is-stacked-on-mobile\"><figure class=\"wp-block-media-text__media\"><img loading=\"lazy\" decoding=\"async\" width=\"1024\" height=\"504\" src=\"https:\/\/geoimagesolutions.com\/wp-content\/uploads\/2025\/12\/2025-12-19_17h33_29-1024x504.png\" alt=\"\" class=\"wp-image-303 size-full\" srcset=\"https:\/\/geoimagesolutions.com\/wp-content\/uploads\/2025\/12\/2025-12-19_17h33_29-1024x504.png 1024w, https:\/\/geoimagesolutions.com\/wp-content\/uploads\/2025\/12\/2025-12-19_17h33_29-300x148.png 300w, https:\/\/geoimagesolutions.com\/wp-content\/uploads\/2025\/12\/2025-12-19_17h33_29-768x378.png 768w, https:\/\/geoimagesolutions.com\/wp-content\/uploads\/2025\/12\/2025-12-19_17h33_29-1536x756.png 1536w, https:\/\/geoimagesolutions.com\/wp-content\/uploads\/2025\/12\/2025-12-19_17h33_29.png 1920w\" sizes=\"auto, (max-width: 1024px) 100vw, 1024px\" \/><\/figure><div class=\"wp-block-media-text__content\">\n<p>Toutes les informations collect\u00e9es sont centralis\u00e9es dans une base de donn\u00e9es s\u00e9curis\u00e9e. Chaque fissure d\u00e9tect\u00e9e est enregistr\u00e9e avec sa localisation GPS et ses caract\u00e9ristiques, ce qui permet d\u2019avoir un suivi pr\u00e9cis et historique de l\u2019\u00e9tat des routes.<\/p>\n<\/div><\/div>\n\n\n\n<h3 class=\"wp-block-heading\"><strong>Visualisation via un tableau de bord React<\/strong><\/h3>\n\n\n\n<div class=\"wp-block-media-text has-media-on-the-right is-stacked-on-mobile\"><div class=\"wp-block-media-text__content\">\n<p>Pour rendre ces donn\u00e9es accessibles et exploitables, nous avons d\u00e9velopp\u00e9 un tableau de bord interactif. Les utilisateurs peuvent visualiser l\u2019\u00e9tat des routes, filtrer par zone ou par gravit\u00e9, et obtenir des rapports d\u00e9taill\u00e9s pour planifier la maintenance efficacement.<\/p>\n<\/div><figure class=\"wp-block-media-text__media\"><img loading=\"lazy\" decoding=\"async\" width=\"1024\" height=\"504\" src=\"https:\/\/geoimagesolutions.com\/wp-content\/uploads\/2025\/12\/2025-12-19_17h43_15-1024x504.png\" alt=\"\" class=\"wp-image-307 size-full\" srcset=\"https:\/\/geoimagesolutions.com\/wp-content\/uploads\/2025\/12\/2025-12-19_17h43_15-1024x504.png 1024w, https:\/\/geoimagesolutions.com\/wp-content\/uploads\/2025\/12\/2025-12-19_17h43_15-300x148.png 300w, https:\/\/geoimagesolutions.com\/wp-content\/uploads\/2025\/12\/2025-12-19_17h43_15-768x378.png 768w, https:\/\/geoimagesolutions.com\/wp-content\/uploads\/2025\/12\/2025-12-19_17h43_15-1536x756.png 1536w, https:\/\/geoimagesolutions.com\/wp-content\/uploads\/2025\/12\/2025-12-19_17h43_15.png 1920w\" sizes=\"auto, (max-width: 1024px) 100vw, 1024px\" \/><\/figure><\/div>\n\n\n\n<h2 class=\"wp-block-heading\">Int\u00e9gration de l\u2019information spatiale<\/h2>\n\n\n\n<div class=\"wp-block-media-text is-stacked-on-mobile\"><figure class=\"wp-block-media-text__media\"><img loading=\"lazy\" decoding=\"async\" width=\"1024\" height=\"504\" src=\"https:\/\/geoimagesolutions.com\/wp-content\/uploads\/2025\/12\/2025-12-19_17h41_40-1024x504.png\" alt=\"\" class=\"wp-image-305 size-full\" srcset=\"https:\/\/geoimagesolutions.com\/wp-content\/uploads\/2025\/12\/2025-12-19_17h41_40-1024x504.png 1024w, https:\/\/geoimagesolutions.com\/wp-content\/uploads\/2025\/12\/2025-12-19_17h41_40-300x148.png 300w, https:\/\/geoimagesolutions.com\/wp-content\/uploads\/2025\/12\/2025-12-19_17h41_40-768x378.png 768w, https:\/\/geoimagesolutions.com\/wp-content\/uploads\/2025\/12\/2025-12-19_17h41_40-1536x756.png 1536w, https:\/\/geoimagesolutions.com\/wp-content\/uploads\/2025\/12\/2025-12-19_17h41_40.png 1920w\" sizes=\"auto, (max-width: 1024px) 100vw, 1024px\" \/><\/figure><div class=\"wp-block-media-text__content\">\n<p>Une approche g\u00e9ospatiale :<\/p>\n\n\n\n<ul class=\"wp-block-list\">\n<li>Il est possible de <strong>visualiser les zones les plus d\u00e9grad\u00e9es<\/strong> et prioriser les interventions.<\/li>\n\n\n\n<li>Les donn\u00e9es peuvent \u00eatre <strong>crois\u00e9es avec d\u2019autres informations, <\/strong>comme l\u2019\u00e2ge des routes, pour des analyses plus fines.<\/li>\n\n\n\n<li>Le tableau de bord peut afficher des <strong>cartes interactives<\/strong>, des heatmaps et des filtres par localisation, offrant une exp\u00e9rience intuitive pour les gestionnaires de voirie.<\/li>\n<\/ul>\n\n\n\n<p><\/p>\n<\/div><\/div>\n\n\n\n<p><\/p>\n\n\n\n<div class=\"wp-block-group alignfull has-base-2-background-color has-text-color has-background has-medium-font-size\" style=\"color:#000000\"><div class=\"wp-block-group__inner-container is-layout-flow wp-block-group-is-layout-flow\">\n<h2 class=\"wp-block-heading has-text-align-center\" id=\"schedule-a-visit\" style=\"font-size:59px;line-height:1.15\">Aller voir notre d\u00e9mo<\/h2>\n\n\n\n<div class=\"wp-block-buttons is-horizontal is-content-justification-center is-layout-flex wp-container-core-buttons-is-layout-499968f5 wp-block-buttons-is-layout-flex\">\n<div class=\"wp-block-button has-custom-width wp-block-button__width-25\"><a class=\"wp-block-button__link has-text-color has-background wp-element-button\" href=\"https:\/\/democracks.geoimagesolutions.com\/\" style=\"border-radius:50px;color:#ffffff;background-color:#000000\">Acc\u00e9der au serveur<\/a><\/div>\n<\/div>\n<\/div><\/div>\n","protected":false},"excerpt":{"rendered":"<p>Aujourd\u2019hui, la maintenance des routes est un enjeu majeur pour les collectivit\u00e9s et les entreprises. Les inspections manuelles sont longues, co\u00fbteuses et parfois peu fiables. Pour r\u00e9pondre \u00e0 ce d\u00e9fi, notre entreprise a d\u00e9velopp\u00e9 une solution innovante qui utilise l\u2019intelligence artificielle pour analyser automatiquement les images collect\u00e9es par des v\u00e9hicules, d\u00e9tecter les fissures et fournir &#8230; <a title=\"GeoSmartAnalyst: Notre outil de d\u00e9tection des fissures routi\u00e8res gr\u00e2ce \u00e0 l\u2019IA\" class=\"read-more\" href=\"https:\/\/geoimagesolutions.com\/?page_id=290\" aria-label=\"Read more about GeoSmartAnalyst: Notre outil de d\u00e9tection des fissures routi\u00e8res gr\u00e2ce \u00e0 l\u2019IA\">Continuer la lecture<\/a><\/p>\n","protected":false},"author":1,"featured_media":294,"parent":0,"menu_order":0,"comment_status":"closed","ping_status":"closed","template":"","meta":{"footnotes":""},"class_list":["post-290","page","type-page","status-publish","has-post-thumbnail"],"_links":{"self":[{"href":"https:\/\/geoimagesolutions.com\/index.php?rest_route=\/wp\/v2\/pages\/290","targetHints":{"allow":["GET"]}}],"collection":[{"href":"https:\/\/geoimagesolutions.com\/index.php?rest_route=\/wp\/v2\/pages"}],"about":[{"href":"https:\/\/geoimagesolutions.com\/index.php?rest_route=\/wp\/v2\/types\/page"}],"author":[{"embeddable":true,"href":"https:\/\/geoimagesolutions.com\/index.php?rest_route=\/wp\/v2\/users\/1"}],"replies":[{"embeddable":true,"href":"https:\/\/geoimagesolutions.com\/index.php?rest_route=%2Fwp%2Fv2%2Fcomments&post=290"}],"version-history":[{"count":9,"href":"https:\/\/geoimagesolutions.com\/index.php?rest_route=\/wp\/v2\/pages\/290\/revisions"}],"predecessor-version":[{"id":317,"href":"https:\/\/geoimagesolutions.com\/index.php?rest_route=\/wp\/v2\/pages\/290\/revisions\/317"}],"wp:featuredmedia":[{"embeddable":true,"href":"https:\/\/geoimagesolutions.com\/index.php?rest_route=\/wp\/v2\/media\/294"}],"wp:attachment":[{"href":"https:\/\/geoimagesolutions.com\/index.php?rest_route=%2Fwp%2Fv2%2Fmedia&parent=290"}],"curies":[{"name":"wp","href":"https:\/\/api.w.org\/{rel}","templated":true}]}}