{"id":264,"date":"2025-09-10T22:00:36","date_gmt":"2025-09-11T02:00:36","guid":{"rendered":"https:\/\/geoimagesolutions.com\/?page_id=264"},"modified":"2025-09-10T22:17:06","modified_gmt":"2025-09-11T02:17:06","slug":"nos-solutions-ia","status":"publish","type":"page","link":"https:\/\/geoimagesolutions.com\/?page_id=264","title":{"rendered":"Nos solutions IA"},"content":{"rendered":"\n<ul class=\"wp-block-list\"><\/ul>\n\n\n\n<div class=\"wp-block-columns is-layout-flex wp-container-core-columns-is-layout-9d6595d7 wp-block-columns-is-layout-flex\">\n<div class=\"wp-block-column is-layout-flow wp-block-column-is-layout-flow\" style=\"flex-basis:66.66%\">\n<p>Les enjeux de l\u2019IA pour les syst\u00e8mes d&rsquo;informations<\/p>\n\n\n\n<ul class=\"wp-block-list\">\n<li>Vos \u00e9quipes passent trop de temps \u00e0 rechercher des informations ?<\/li>\n\n\n\n<li>Vos processus m\u00e9tiers manquent d\u2019automatisation ?<\/li>\n\n\n\n<li>Vous souhaitez anticiper plut\u00f4t que r\u00e9agir ?<\/li>\n<\/ul>\n\n\n\n<p><strong>Notre r\u00e9ponse :<\/strong> l\u2019IA s\u2019int\u00e8gre \u00e0 vos syst\u00e8mes pour renforcer productivit\u00e9, s\u00e9curit\u00e9 et agilit\u00e9.<\/p>\n<\/div>\n\n\n\n<div class=\"wp-block-column is-layout-flow wp-block-column-is-layout-flow\" style=\"flex-basis:33.33%\">\n<figure class=\"wp-block-image size-full is-resized\"><img loading=\"lazy\" decoding=\"async\" width=\"518\" height=\"464\" src=\"https:\/\/geoimagesolutions.com\/wp-content\/uploads\/2025\/07\/satellite-num2.png\" alt=\"\" class=\"wp-image-94\" style=\"width:240px;height:auto\" srcset=\"https:\/\/geoimagesolutions.com\/wp-content\/uploads\/2025\/07\/satellite-num2.png 518w, https:\/\/geoimagesolutions.com\/wp-content\/uploads\/2025\/07\/satellite-num2-300x269.png 300w\" sizes=\"auto, (max-width: 518px) 100vw, 518px\" \/><\/figure>\n<\/div>\n<\/div>\n\n\n\n<hr class=\"wp-block-separator has-alpha-channel-opacity\"\/>\n\n\n\n<h2 class=\"wp-block-heading\">Nos solutions bas\u00e9es sur des approches reconnues<\/h2>\n\n\n\n<ul class=\"wp-block-list\"><\/ul>\n\n\n\n<div class=\"wp-block-columns is-layout-flex wp-container-core-columns-is-layout-9d6595d7 wp-block-columns-is-layout-flex\">\n<div class=\"wp-block-column is-layout-flow wp-block-column-is-layout-flow\" style=\"flex-basis:33.33%\">\n<figure class=\"wp-block-image size-full is-resized\"><img loading=\"lazy\" decoding=\"async\" width=\"512\" height=\"512\" src=\"https:\/\/geoimagesolutions.com\/wp-content\/uploads\/2025\/07\/earth-finger.jpg\" alt=\"\" class=\"wp-image-139\" style=\"aspect-ratio:3\/2;object-fit:contain;width:388px;height:auto\" srcset=\"https:\/\/geoimagesolutions.com\/wp-content\/uploads\/2025\/07\/earth-finger.jpg 512w, https:\/\/geoimagesolutions.com\/wp-content\/uploads\/2025\/07\/earth-finger-300x300.jpg 300w, https:\/\/geoimagesolutions.com\/wp-content\/uploads\/2025\/07\/earth-finger-150x150.jpg 150w\" sizes=\"auto, (max-width: 512px) 100vw, 512px\" \/><\/figure>\n<\/div>\n\n\n\n<div class=\"wp-block-column is-layout-flow wp-block-column-is-layout-flow\" style=\"flex-basis:66.66%\">\n<h3 class=\"wp-block-heading\">Acc\u00e8s intelligent \u00e0 l\u2019information<\/h3>\n\n\n\n<ul class=\"wp-block-list\">\n<li><strong>LLM (GPT, Mistral, Claude)<\/strong> pour des chatbots internes &amp; recherches avanc\u00e9es. En utilisant la connaissance acquise dans l&rsquo;organisation, il est possible de mettre en place des assistants virtuels.\n<ul class=\"wp-block-list\">\n<li>Par exemple : cr\u00e9er un assistant virtuel qui aidera les nouveaux agents \u00e0 bien utiliser le syst\u00e8me d&rsquo;informations. R\u00e9duisez le temps de formation.<\/li>\n<\/ul>\n<\/li>\n\n\n\n<li><strong>Bases vectorielles<\/strong> pour retrouver rapidement documents, contrats, tickets. L&rsquo;IA peut vous aider \u00e0 mettre en place des outils puissants de recherche d&rsquo;informations.\n<ul class=\"wp-block-list\">\n<li>Par exemple, un collaborateur pose une question en langage naturel et obtient la r\u00e9ponse en quelques secondes.<br><\/li>\n<\/ul>\n<\/li>\n<\/ul>\n<\/div>\n<\/div>\n\n\n\n<h3 class=\"wp-block-heading\">Automatisation &amp; Agents IA<\/h3>\n\n\n\n<p>En utilisant des <strong>agents intelligents (LangChain, AutoGPT)<\/strong> connect\u00e9s \u00e0 vos applications, vous pouvez automatiser des workflows, g\u00e9n\u00e9rer de rapports, d\u00e9clencher des actions.<\/p>\n\n\n\n<p>Par exemple, un agent d\u00e9tecte un probl\u00e8me serveur et cr\u00e9e automatiquement un ticket d\u2019intervention.<\/p>\n\n\n\n<div class=\"wp-block-columns is-layout-flex wp-container-core-columns-is-layout-9d6595d7 wp-block-columns-is-layout-flex\">\n<div class=\"wp-block-column is-layout-flow wp-block-column-is-layout-flow\" style=\"flex-basis:66.66%\">\n<h3 class=\"wp-block-heading\">Vision par ordinateur<\/h3>\n\n\n\n<p>Certaines op\u00e9rations n\u00e9cessitent une analyse d&rsquo;images ou de vid\u00e9os, ces t\u00e2ches peuvent \u00eatre automatis\u00e9es \u00e0 l&rsquo;aide de <strong>YOLO, SegFormer<\/strong> pour la d\u00e9tection, classification et segmentation d\u2019images.<\/p>\n\n\n\n<p>Par exemple, vous avez besoin de d\u00e9tecter des \u00e9l\u00e9ments dans une image, comme les plaques min\u00e9ralogiques, compter les v\u00e9hicules, signaler des infractions.<\/p>\n<\/div>\n\n\n\n<div class=\"wp-block-column is-layout-flow wp-block-column-is-layout-flow\" style=\"flex-basis:33.33%\">\n<figure class=\"wp-block-image size-full\"><img loading=\"lazy\" decoding=\"async\" width=\"512\" height=\"512\" src=\"https:\/\/geoimagesolutions.com\/wp-content\/uploads\/2025\/07\/map-indicators.jpg\" alt=\"\" class=\"wp-image-149\" style=\"aspect-ratio:16\/9;object-fit:cover\" srcset=\"https:\/\/geoimagesolutions.com\/wp-content\/uploads\/2025\/07\/map-indicators.jpg 512w, https:\/\/geoimagesolutions.com\/wp-content\/uploads\/2025\/07\/map-indicators-300x300.jpg 300w, https:\/\/geoimagesolutions.com\/wp-content\/uploads\/2025\/07\/map-indicators-150x150.jpg 150w\" sizes=\"auto, (max-width: 512px) 100vw, 512px\" \/><\/figure>\n<\/div>\n<\/div>\n\n\n\n<h3 class=\"wp-block-heading\">Traitement du langage naturel (NLP)<\/h3>\n\n\n\n<p>La force des IA est certainement dans l&rsquo;analyse des donn\u00e9es et la pr\u00e9diction de situation. La meilleure approche est <strong>Forecasting (Prophet, LSTM)<\/strong> pour anticiper des niveaux de certains indicateurs (ex: ventes, charges, commandes, &#8230;).<\/p>\n\n\n\n<p>Il est aussi possible de mettre en place un s<strong>yst\u00e8me de recommandation<\/strong> pour documents, produits ou services. <br><\/p>\n\n\n\n<div class=\"wp-block-columns is-layout-flex wp-container-core-columns-is-layout-9d6595d7 wp-block-columns-is-layout-flex\">\n<div class=\"wp-block-column is-layout-flow wp-block-column-is-layout-flow\" style=\"flex-basis:33.33%\">\n<figure class=\"wp-block-image size-large\"><img loading=\"lazy\" decoding=\"async\" width=\"1024\" height=\"702\" src=\"https:\/\/geoimagesolutions.com\/wp-content\/uploads\/2025\/07\/pexels-sz-katarzyna-18648589-6546357-1024x702.jpg\" alt=\"\" class=\"wp-image-109\" srcset=\"https:\/\/geoimagesolutions.com\/wp-content\/uploads\/2025\/07\/pexels-sz-katarzyna-18648589-6546357-1024x702.jpg 1024w, https:\/\/geoimagesolutions.com\/wp-content\/uploads\/2025\/07\/pexels-sz-katarzyna-18648589-6546357-300x206.jpg 300w, https:\/\/geoimagesolutions.com\/wp-content\/uploads\/2025\/07\/pexels-sz-katarzyna-18648589-6546357-768x526.jpg 768w, https:\/\/geoimagesolutions.com\/wp-content\/uploads\/2025\/07\/pexels-sz-katarzyna-18648589-6546357-1536x1052.jpg 1536w, https:\/\/geoimagesolutions.com\/wp-content\/uploads\/2025\/07\/pexels-sz-katarzyna-18648589-6546357-2048x1403.jpg 2048w\" sizes=\"auto, (max-width: 1024px) 100vw, 1024px\" \/><\/figure>\n<\/div>\n\n\n\n<div class=\"wp-block-column is-layout-flow wp-block-column-is-layout-flow\" style=\"flex-basis:66.66%\">\n<h3 class=\"wp-block-heading\">S\u00e9curit\u00e9 &amp; Anomalies<\/h3>\n\n\n\n<p>Il est possible de confier la surveillance de certaines op\u00e9rations de votre organisation, comme la d\u00e9tection de fraudes et des intrusions en utilisant <strong>Isolation Forest ou Autoencoders<\/strong>. Il est possible de faire des analyses en temps r\u00e9el des logs syst\u00e8mes.<\/p>\n<\/div>\n<\/div>\n\n\n\n<h2 class=\"wp-block-heading\">Comment nous travaillons<\/h2>\n\n\n\n<p>Nous effectuons toujours une analyse de votre situation pour comprendre votre besoin. Notre \u00e9quipe passera par les \u00e9tapes suivantes :<\/p>\n\n\n\n<ul class=\"wp-block-list\">\n<li><strong>Audit<\/strong> de votre SI et identification des cas d\u2019usage IA.<\/li>\n\n\n\n<li><strong>Prototypage rapide<\/strong> avec des mod\u00e8les pr\u00e9-entra\u00een\u00e9s.<\/li>\n\n\n\n<li><strong>Int\u00e9gration<\/strong> dans vos outils existants (ERP, CRM, BI\u2026).<\/li>\n\n\n\n<li><strong>Suivi &amp; am\u00e9lioration continue<\/strong> via MLOps et monitoring.<\/li>\n<\/ul>\n","protected":false},"excerpt":{"rendered":"<p>Les enjeux de l\u2019IA pour les syst\u00e8mes d&rsquo;informations Notre r\u00e9ponse : l\u2019IA s\u2019int\u00e8gre \u00e0 vos syst\u00e8mes pour renforcer productivit\u00e9, s\u00e9curit\u00e9 et agilit\u00e9. Nos solutions bas\u00e9es sur des approches reconnues Acc\u00e8s intelligent \u00e0 l\u2019information Automatisation &amp; Agents IA En utilisant des agents intelligents (LangChain, AutoGPT) connect\u00e9s \u00e0 vos applications, vous pouvez automatiser des workflows, g\u00e9n\u00e9rer de &#8230; <a title=\"Nos solutions IA\" class=\"read-more\" href=\"https:\/\/geoimagesolutions.com\/?page_id=264\" aria-label=\"Read more about Nos solutions IA\">Continuer la lecture<\/a><\/p>\n","protected":false},"author":1,"featured_media":143,"parent":0,"menu_order":0,"comment_status":"closed","ping_status":"closed","template":"","meta":{"footnotes":""},"class_list":["post-264","page","type-page","status-publish","has-post-thumbnail"],"_links":{"self":[{"href":"https:\/\/geoimagesolutions.com\/index.php?rest_route=\/wp\/v2\/pages\/264","targetHints":{"allow":["GET"]}}],"collection":[{"href":"https:\/\/geoimagesolutions.com\/index.php?rest_route=\/wp\/v2\/pages"}],"about":[{"href":"https:\/\/geoimagesolutions.com\/index.php?rest_route=\/wp\/v2\/types\/page"}],"author":[{"embeddable":true,"href":"https:\/\/geoimagesolutions.com\/index.php?rest_route=\/wp\/v2\/users\/1"}],"replies":[{"embeddable":true,"href":"https:\/\/geoimagesolutions.com\/index.php?rest_route=%2Fwp%2Fv2%2Fcomments&post=264"}],"version-history":[{"count":10,"href":"https:\/\/geoimagesolutions.com\/index.php?rest_route=\/wp\/v2\/pages\/264\/revisions"}],"predecessor-version":[{"id":284,"href":"https:\/\/geoimagesolutions.com\/index.php?rest_route=\/wp\/v2\/pages\/264\/revisions\/284"}],"wp:featuredmedia":[{"embeddable":true,"href":"https:\/\/geoimagesolutions.com\/index.php?rest_route=\/wp\/v2\/media\/143"}],"wp:attachment":[{"href":"https:\/\/geoimagesolutions.com\/index.php?rest_route=%2Fwp%2Fv2%2Fmedia&parent=264"}],"curies":[{"name":"wp","href":"https:\/\/api.w.org\/{rel}","templated":true}]}}