{"id":10,"date":"2025-07-03T14:27:07","date_gmt":"2025-07-03T18:27:07","guid":{"rendered":"https:\/\/96.30.194.55\/?page_id=10"},"modified":"2025-07-04T14:33:45","modified_gmt":"2025-07-04T18:33:45","slug":"nos-solutions","status":"publish","type":"page","link":"https:\/\/geoimagesolutions.com\/?page_id=10","title":{"rendered":"Nos solutions"},"content":{"rendered":"\n<p>Notre plateforme s\u2019articule autour de <strong>plusieurs modules <\/strong>con\u00e7us pour r\u00e9pondre aux besoins des organisations souhaitant mieux g\u00e9rer, valoriser et partager leurs donn\u00e9es.<\/p>\n\n\n\n<p><strong>Bas\u00e9es sur les technologies ouvertes<\/strong> :<\/p>\n\n\n\n<ul class=\"wp-block-list\">\n<li>Langages de programmation : PHP, Java, Python, Perl, HTML, Flex, JavaScript<\/li>\n\n\n\n<li>Technologies WebGIS : MapServer, GeoServer, Leaflet, OpenLayers, PostgreSQL\/PostGIS, OpenScale, QGIS, OpenDataCube, GeoNode, MapStore<\/li>\n\n\n\n<li>Frameworks &amp; biblioth\u00e8ques : Spring, Agavi, CakePHP, ExtJS, Dojo, PrototypeJS, jQuery, ReactJS, Vue.js<\/li>\n\n\n\n<li>Technologies \u00e9mergentes : Big Data, Intelligence artificielle (IA), Neo4j, Redis, Graph computing, MongoDB, DeepLabV3, Segformer<\/li>\n\n\n\n<li>Outils de d\u00e9veloppement : Docker, Git, SVN, CVS, Locust.io, Cypress<\/li>\n<\/ul>\n\n\n\n<div class=\"wp-block-media-text is-stacked-on-mobile\"><figure class=\"wp-block-media-text__media\"><img loading=\"lazy\" decoding=\"async\" width=\"855\" height=\"462\" src=\"https:\/\/96.30.194.55\/wp-content\/uploads\/2025\/07\/2025-03-27_15h27_53.png\" alt=\"\" class=\"wp-image-193 size-full\" srcset=\"https:\/\/geoimagesolutions.com\/wp-content\/uploads\/2025\/07\/2025-03-27_15h27_53.png 855w, https:\/\/geoimagesolutions.com\/wp-content\/uploads\/2025\/07\/2025-03-27_15h27_53-300x162.png 300w, https:\/\/geoimagesolutions.com\/wp-content\/uploads\/2025\/07\/2025-03-27_15h27_53-768x415.png 768w\" sizes=\"auto, (max-width: 855px) 100vw, 855px\" \/><\/figure><div class=\"wp-block-media-text__content\">\n<h4 class=\"wp-block-heading\">Conception sur mesure<\/h4>\n\n\n\n<p>Nous d\u00e9veloppons des syst\u00e8mes robustes, pens\u00e9s pour s\u2019adapter \u00e0 votre organisation. De la structure des donn\u00e9es \u00e0 la mod\u00e9lisation des processus, tout est con\u00e7u sur mesure.<\/p>\n\n\n\n<h4 class=\"wp-block-heading\">Interface intuitive<\/h4>\n\n\n\n<p>Nos interfaces sont simples, claires et accessibles \u00e0 tous les profils d\u2019utilisateurs. Vous pouvez consulter, saisir et g\u00e9rer les donn\u00e9es sans complexit\u00e9 technique.<\/p>\n\n\n\n<h4 class=\"wp-block-heading\">Administration et s\u00e9curit\u00e9<\/h4>\n\n\n\n<p>Gestion des utilisateurs, s\u00e9curit\u00e9 des acc\u00e8s, tra\u00e7abilit\u00e9 des actions, sauvegardes : tout est mis en \u0153uvre pour garantir un fonctionnement fiable et s\u00e9curis\u00e9.<\/p>\n<\/div><\/div>\n\n\n\n<div class=\"wp-block-media-text has-media-on-the-right is-stacked-on-mobile\"><div class=\"wp-block-media-text__content\">\n<h4 class=\"wp-block-heading\">Int\u00e9gration de donn\u00e9es<\/h4>\n\n\n\n<p>Notre plateforme facilite l\u2019import, l\u2019export et la synchronisation de vos donn\u00e9es, avec des outils compatibles avec les standards ouverts du march\u00e9.<\/p>\n\n\n\n<h4 class=\"wp-block-heading\">Recherche intelligente<\/h4>\n\n\n\n<p>Trouvez rapidement les informations dont vous avez besoin gr\u00e2ce \u00e0 un moteur de recherche avanc\u00e9, m\u00eame dans de tr\u00e8s grands volumes de donn\u00e9es.<\/p>\n\n\n\n<h4 class=\"wp-block-heading\">Analyse et cartographie<\/h4>\n\n\n\n<p>Produisez des cartes dynamiques, visualisez vos indicateurs en temps r\u00e9el et appuyez-vous sur des tableaux de bord pour prendre les bonnes d\u00e9cisions.<\/p>\n<\/div><figure class=\"wp-block-media-text__media\"><img loading=\"lazy\" decoding=\"async\" width=\"1024\" height=\"700\" src=\"https:\/\/96.30.194.55\/wp-content\/uploads\/2025\/07\/2025-07-03_10h59_02-1024x700.png\" alt=\"\" class=\"wp-image-194 size-full\" srcset=\"https:\/\/geoimagesolutions.com\/wp-content\/uploads\/2025\/07\/2025-07-03_10h59_02-1024x700.png 1024w, https:\/\/geoimagesolutions.com\/wp-content\/uploads\/2025\/07\/2025-07-03_10h59_02-300x205.png 300w, https:\/\/geoimagesolutions.com\/wp-content\/uploads\/2025\/07\/2025-07-03_10h59_02-768x525.png 768w, https:\/\/geoimagesolutions.com\/wp-content\/uploads\/2025\/07\/2025-07-03_10h59_02.png 1417w\" sizes=\"auto, (max-width: 1024px) 100vw, 1024px\" \/><\/figure><\/div>\n\n\n\n<div class=\"wp-block-media-text is-stacked-on-mobile\"><figure class=\"wp-block-media-text__media\"><img loading=\"lazy\" decoding=\"async\" width=\"1024\" height=\"617\" src=\"https:\/\/96.30.194.55\/wp-content\/uploads\/2025\/07\/2025-07-01_11h19_30-1024x617.png\" alt=\"\" class=\"wp-image-196 size-full\" srcset=\"https:\/\/geoimagesolutions.com\/wp-content\/uploads\/2025\/07\/2025-07-01_11h19_30-1024x617.png 1024w, https:\/\/geoimagesolutions.com\/wp-content\/uploads\/2025\/07\/2025-07-01_11h19_30-300x181.png 300w, https:\/\/geoimagesolutions.com\/wp-content\/uploads\/2025\/07\/2025-07-01_11h19_30-768x463.png 768w, https:\/\/geoimagesolutions.com\/wp-content\/uploads\/2025\/07\/2025-07-01_11h19_30.png 1418w\" sizes=\"auto, (max-width: 1024px) 100vw, 1024px\" \/><\/figure><div class=\"wp-block-media-text__content\">\n<h4 class=\"wp-block-heading\">Outils intelligents<\/h4>\n\n\n\n<p>Nous int\u00e9grons des technologies d\u2019intelligence artificielle pour automatiser, d\u00e9tecter, sugg\u00e9rer, et vous aider \u00e0 valoriser vos donn\u00e9es plus efficacement.<\/p>\n\n\n\n<h4 class=\"wp-block-heading\">Archivage et gestion documentaire<\/h4>\n\n\n\n<p>Centralisez et s\u00e9curisez vos documents num\u00e9riques. Notre solution permet la gestion \u00e9lectronique des documents, avec signature, historisation et recherche rapide.<\/p>\n\n\n\n<h4 class=\"wp-block-heading\">Portail web et intranet<\/h4>\n\n\n\n<p>Offrez un point d\u2019entr\u00e9e unique et s\u00e9curis\u00e9 \u00e0 vos utilisateurs. Le portail permet de diffuser des services, documents, actualit\u00e9s et formulaires selon les droits d\u2019acc\u00e8s.<\/p>\n<\/div><\/div>\n\n\n\n<div class=\"wp-block-media-text has-media-on-the-right is-stacked-on-mobile\"><div class=\"wp-block-media-text__content\">\n<h4 class=\"wp-block-heading\">Application mobile<\/h4>\n\n\n\n<p>Acc\u00e9dez au syst\u00e8me depuis un t\u00e9l\u00e9phone ou une tablette. Nos applications mobiles permettent la saisie de donn\u00e9es sur le terrain et la consultation rapide d\u2019informations.<\/p>\n\n\n\n<h4 class=\"wp-block-heading\">Interconnexion avec vos syst\u00e8mes<\/h4>\n\n\n\n<p>Nos solutions peuvent dialoguer avec d\u2019autres applications via des services web\/API. Nous assurons la compatibilit\u00e9 et l\u2019\u00e9change automatis\u00e9 d\u2019informations.<\/p>\n\n\n\n<h4 class=\"wp-block-heading\">Suivi et rapports<\/h4>\n\n\n\n<p>Cr\u00e9ez des rapports simples ou d\u00e9taill\u00e9s selon vos besoins. Suivez vos projets, vos indicateurs ou vos activit\u00e9s en quelques clics.<\/p>\n\n\n\n<h4 class=\"wp-block-heading\">Formation et accompagnement<\/h4>\n\n\n\n<p>Nous vous accompagnons avec des formations adapt\u00e9es \u00e0 vos profils utilisateurs, des guides interactifs et un transfert de comp\u00e9tences assur\u00e9.<\/p>\n<\/div><figure class=\"wp-block-media-text__media\"><img loading=\"lazy\" decoding=\"async\" width=\"1024\" height=\"576\" src=\"https:\/\/96.30.194.55\/wp-content\/uploads\/2025\/07\/2025-05-13_12h10_25-1024x576.png\" alt=\"\" class=\"wp-image-198 size-full\" srcset=\"https:\/\/geoimagesolutions.com\/wp-content\/uploads\/2025\/07\/2025-05-13_12h10_25-1024x576.png 1024w, https:\/\/geoimagesolutions.com\/wp-content\/uploads\/2025\/07\/2025-05-13_12h10_25-300x169.png 300w, https:\/\/geoimagesolutions.com\/wp-content\/uploads\/2025\/07\/2025-05-13_12h10_25-768x432.png 768w, https:\/\/geoimagesolutions.com\/wp-content\/uploads\/2025\/07\/2025-05-13_12h10_25-1536x864.png 1536w, https:\/\/geoimagesolutions.com\/wp-content\/uploads\/2025\/07\/2025-05-13_12h10_25.png 1920w\" sizes=\"auto, (max-width: 1024px) 100vw, 1024px\" \/><\/figure><\/div>\n\n\n\n<p><\/p>\n","protected":false},"excerpt":{"rendered":"<p>Notre plateforme s\u2019articule autour de plusieurs modules con\u00e7us pour r\u00e9pondre aux besoins des organisations souhaitant mieux g\u00e9rer, valoriser et partager leurs donn\u00e9es. Bas\u00e9es sur les technologies ouvertes : Conception sur mesure Nous d\u00e9veloppons des syst\u00e8mes robustes, pens\u00e9s pour s\u2019adapter \u00e0 votre organisation. De la structure des donn\u00e9es \u00e0 la mod\u00e9lisation des processus, tout est con\u00e7u &#8230; <a title=\"Nos solutions\" class=\"read-more\" href=\"https:\/\/geoimagesolutions.com\/?page_id=10\" aria-label=\"Read more about Nos solutions\">Continuer la lecture<\/a><\/p>\n","protected":false},"author":1,"featured_media":115,"parent":0,"menu_order":0,"comment_status":"closed","ping_status":"closed","template":"","meta":{"footnotes":""},"class_list":["post-10","page","type-page","status-publish","has-post-thumbnail"],"_links":{"self":[{"href":"https:\/\/geoimagesolutions.com\/index.php?rest_route=\/wp\/v2\/pages\/10","targetHints":{"allow":["GET"]}}],"collection":[{"href":"https:\/\/geoimagesolutions.com\/index.php?rest_route=\/wp\/v2\/pages"}],"about":[{"href":"https:\/\/geoimagesolutions.com\/index.php?rest_route=\/wp\/v2\/types\/page"}],"author":[{"embeddable":true,"href":"https:\/\/geoimagesolutions.com\/index.php?rest_route=\/wp\/v2\/users\/1"}],"replies":[{"embeddable":true,"href":"https:\/\/geoimagesolutions.com\/index.php?rest_route=%2Fwp%2Fv2%2Fcomments&post=10"}],"version-history":[{"count":9,"href":"https:\/\/geoimagesolutions.com\/index.php?rest_route=\/wp\/v2\/pages\/10\/revisions"}],"predecessor-version":[{"id":200,"href":"https:\/\/geoimagesolutions.com\/index.php?rest_route=\/wp\/v2\/pages\/10\/revisions\/200"}],"wp:featuredmedia":[{"embeddable":true,"href":"https:\/\/geoimagesolutions.com\/index.php?rest_route=\/wp\/v2\/media\/115"}],"wp:attachment":[{"href":"https:\/\/geoimagesolutions.com\/index.php?rest_route=%2Fwp%2Fv2%2Fmedia&parent=10"}],"curies":[{"name":"wp","href":"https:\/\/api.w.org\/{rel}","templated":true}]}}